{"id":2317,"date":"2020-11-23T13:35:14","date_gmt":"2020-11-23T12:35:14","guid":{"rendered":"http:\/\/e-geo.de\/?page_id=2317"},"modified":"2020-12-09T12:05:37","modified_gmt":"2020-12-09T11:05:37","slug":"fliess-und-ausrollgrenzen","status":"publish","type":"page","link":"http:\/\/e-geo.de\/?page_id=2317","title":{"rendered":"Flie\u00df- und Ausrollgrenzen"},"content":{"rendered":"Du musst angemeldet sein, um diesen Inhalt sehen zu k\u00f6nnen.","protected":false},"excerpt":{"rendered":"Du musst angemeldet sein, um diesen Inhalt sehen zu k\u00f6nnen.","protected":false},"author":1,"featured_media":0,"parent":97,"menu_order":7,"comment_status":"closed","ping_status":"closed","template":"page-templates\/full-width-page.php","meta":{"footnotes":""},"_links":{"self":[{"href":"http:\/\/e-geo.de\/index.php?rest_route=\/wp\/v2\/pages\/2317"}],"collection":[{"href":"http:\/\/e-geo.de\/index.php?rest_route=\/wp\/v2\/pages"}],"about":[{"href":"http:\/\/e-geo.de\/index.php?rest_route=\/wp\/v2\/types\/page"}],"author":[{"embeddable":true,"href":"http:\/\/e-geo.de\/index.php?rest_route=\/wp\/v2\/users\/1"}],"replies":[{"embeddable":true,"href":"http:\/\/e-geo.de\/index.php?rest_route=%2Fwp%2Fv2%2Fcomments&post=2317"}],"version-history":[{"count":30,"href":"http:\/\/e-geo.de\/index.php?rest_route=\/wp\/v2\/pages\/2317\/revisions"}],"predecessor-version":[{"id":2801,"href":"http:\/\/e-geo.de\/index.php?rest_route=\/wp\/v2\/pages\/2317\/revisions\/2801"}],"up":[{"embeddable":true,"href":"http:\/\/e-geo.de\/index.php?rest_route=\/wp\/v2\/pages\/97"}],"wp:attachment":[{"href":"http:\/\/e-geo.de\/index.php?rest_route=%2Fwp%2Fv2%2Fmedia&parent=2317"}],"curies":[{"name":"wp","href":"https:\/\/api.w.org\/{rel}","templated":true}]}}