{"id":271,"date":"2016-02-01T12:12:50","date_gmt":"2016-02-01T11:12:50","guid":{"rendered":"http:\/\/e-geo.de\/?page_id=271"},"modified":"2020-12-09T11:05:26","modified_gmt":"2020-12-09T10:05:26","slug":"kompressionsversuch","status":"publish","type":"page","link":"http:\/\/e-geo.de\/?page_id=271","title":{"rendered":"Kompressionsversuch (\u00d6dometerversuch)"},"content":{"rendered":"Du musst angemeldet sein, um diesen Inhalt sehen zu k\u00f6nnen.","protected":false},"excerpt":{"rendered":"Du musst angemeldet sein, um diesen Inhalt sehen zu k\u00f6nnen.","protected":false},"author":1,"featured_media":0,"parent":97,"menu_order":4,"comment_status":"closed","ping_status":"closed","template":"page-templates\/full-width-page.php","meta":{"footnotes":""},"_links":{"self":[{"href":"http:\/\/e-geo.de\/index.php?rest_route=\/wp\/v2\/pages\/271"}],"collection":[{"href":"http:\/\/e-geo.de\/index.php?rest_route=\/wp\/v2\/pages"}],"about":[{"href":"http:\/\/e-geo.de\/index.php?rest_route=\/wp\/v2\/types\/page"}],"author":[{"embeddable":true,"href":"http:\/\/e-geo.de\/index.php?rest_route=\/wp\/v2\/users\/1"}],"replies":[{"embeddable":true,"href":"http:\/\/e-geo.de\/index.php?rest_route=%2Fwp%2Fv2%2Fcomments&post=271"}],"version-history":[{"count":40,"href":"http:\/\/e-geo.de\/index.php?rest_route=\/wp\/v2\/pages\/271\/revisions"}],"predecessor-version":[{"id":2795,"href":"http:\/\/e-geo.de\/index.php?rest_route=\/wp\/v2\/pages\/271\/revisions\/2795"}],"up":[{"embeddable":true,"href":"http:\/\/e-geo.de\/index.php?rest_route=\/wp\/v2\/pages\/97"}],"wp:attachment":[{"href":"http:\/\/e-geo.de\/index.php?rest_route=%2Fwp%2Fv2%2Fmedia&parent=271"}],"curies":[{"name":"wp","href":"https:\/\/api.w.org\/{rel}","templated":true}]}}