{"id":279,"date":"2016-02-01T12:14:24","date_gmt":"2016-02-01T11:14:24","guid":{"rendered":"http:\/\/e-geo.de\/?page_id=279"},"modified":"2020-12-09T11:51:11","modified_gmt":"2020-12-09T10:51:11","slug":"wasserdurchlaessigkeit","status":"publish","type":"page","link":"http:\/\/e-geo.de\/?page_id=279","title":{"rendered":"Wasserdurchl\u00e4ssigkeit"},"content":{"rendered":"Du musst angemeldet sein, um diesen Inhalt sehen zu k\u00f6nnen.","protected":false},"excerpt":{"rendered":"Du musst angemeldet sein, um diesen Inhalt sehen zu k\u00f6nnen.","protected":false},"author":1,"featured_media":0,"parent":97,"menu_order":6,"comment_status":"closed","ping_status":"closed","template":"page-templates\/full-width-page.php","meta":{"footnotes":""},"_links":{"self":[{"href":"http:\/\/e-geo.de\/index.php?rest_route=\/wp\/v2\/pages\/279"}],"collection":[{"href":"http:\/\/e-geo.de\/index.php?rest_route=\/wp\/v2\/pages"}],"about":[{"href":"http:\/\/e-geo.de\/index.php?rest_route=\/wp\/v2\/types\/page"}],"author":[{"embeddable":true,"href":"http:\/\/e-geo.de\/index.php?rest_route=\/wp\/v2\/users\/1"}],"replies":[{"embeddable":true,"href":"http:\/\/e-geo.de\/index.php?rest_route=%2Fwp%2Fv2%2Fcomments&post=279"}],"version-history":[{"count":58,"href":"http:\/\/e-geo.de\/index.php?rest_route=\/wp\/v2\/pages\/279\/revisions"}],"predecessor-version":[{"id":2799,"href":"http:\/\/e-geo.de\/index.php?rest_route=\/wp\/v2\/pages\/279\/revisions\/2799"}],"up":[{"embeddable":true,"href":"http:\/\/e-geo.de\/index.php?rest_route=\/wp\/v2\/pages\/97"}],"wp:attachment":[{"href":"http:\/\/e-geo.de\/index.php?rest_route=%2Fwp%2Fv2%2Fmedia&parent=279"}],"curies":[{"name":"wp","href":"https:\/\/api.w.org\/{rel}","templated":true}]}}