{"id":461,"date":"2016-03-07T12:18:11","date_gmt":"2016-03-07T10:18:11","guid":{"rendered":"http:\/\/e-geo.de\/?page_id=461"},"modified":"2018-05-15T11:35:39","modified_gmt":"2018-05-15T09:35:39","slug":"draenen","status":"publish","type":"page","link":"http:\/\/e-geo.de\/?page_id=461","title":{"rendered":"Dr\u00e4nen"},"content":{"rendered":"Du musst angemeldet sein, um diesen Inhalt sehen zu k\u00f6nnen.","protected":false},"excerpt":{"rendered":"Du musst angemeldet sein, um diesen Inhalt sehen zu k\u00f6nnen.","protected":false},"author":1,"featured_media":0,"parent":455,"menu_order":3,"comment_status":"closed","ping_status":"closed","template":"page-templates\/full-width-page.php","meta":{"footnotes":""},"_links":{"self":[{"href":"http:\/\/e-geo.de\/index.php?rest_route=\/wp\/v2\/pages\/461"}],"collection":[{"href":"http:\/\/e-geo.de\/index.php?rest_route=\/wp\/v2\/pages"}],"about":[{"href":"http:\/\/e-geo.de\/index.php?rest_route=\/wp\/v2\/types\/page"}],"author":[{"embeddable":true,"href":"http:\/\/e-geo.de\/index.php?rest_route=\/wp\/v2\/users\/1"}],"replies":[{"embeddable":true,"href":"http:\/\/e-geo.de\/index.php?rest_route=%2Fwp%2Fv2%2Fcomments&post=461"}],"version-history":[{"count":11,"href":"http:\/\/e-geo.de\/index.php?rest_route=\/wp\/v2\/pages\/461\/revisions"}],"predecessor-version":[{"id":1990,"href":"http:\/\/e-geo.de\/index.php?rest_route=\/wp\/v2\/pages\/461\/revisions\/1990"}],"up":[{"embeddable":true,"href":"http:\/\/e-geo.de\/index.php?rest_route=\/wp\/v2\/pages\/455"}],"wp:attachment":[{"href":"http:\/\/e-geo.de\/index.php?rest_route=%2Fwp%2Fv2%2Fmedia&parent=461"}],"curies":[{"name":"wp","href":"https:\/\/api.w.org\/{rel}","templated":true}]}}