{"id":772,"date":"2016-06-28T11:35:25","date_gmt":"2016-06-28T09:35:25","guid":{"rendered":"http:\/\/e-geo.de\/?page_id=772"},"modified":"2020-12-21T10:08:59","modified_gmt":"2020-12-21T09:08:59","slug":"traegerverbau","status":"publish","type":"page","link":"http:\/\/e-geo.de\/?page_id=772","title":{"rendered":"Tr\u00e4gerverbau"},"content":{"rendered":"Du musst angemeldet sein, um diesen Inhalt sehen zu k\u00f6nnen.","protected":false},"excerpt":{"rendered":"Du musst angemeldet sein, um diesen Inhalt sehen zu k\u00f6nnen.","protected":false},"author":1,"featured_media":811,"parent":2752,"menu_order":3,"comment_status":"closed","ping_status":"closed","template":"page-templates\/grid-page.php","meta":{"footnotes":""},"_links":{"self":[{"href":"http:\/\/e-geo.de\/index.php?rest_route=\/wp\/v2\/pages\/772"}],"collection":[{"href":"http:\/\/e-geo.de\/index.php?rest_route=\/wp\/v2\/pages"}],"about":[{"href":"http:\/\/e-geo.de\/index.php?rest_route=\/wp\/v2\/types\/page"}],"author":[{"embeddable":true,"href":"http:\/\/e-geo.de\/index.php?rest_route=\/wp\/v2\/users\/1"}],"replies":[{"embeddable":true,"href":"http:\/\/e-geo.de\/index.php?rest_route=%2Fwp%2Fv2%2Fcomments&post=772"}],"version-history":[{"count":38,"href":"http:\/\/e-geo.de\/index.php?rest_route=\/wp\/v2\/pages\/772\/revisions"}],"predecessor-version":[{"id":3020,"href":"http:\/\/e-geo.de\/index.php?rest_route=\/wp\/v2\/pages\/772\/revisions\/3020"}],"up":[{"embeddable":true,"href":"http:\/\/e-geo.de\/index.php?rest_route=\/wp\/v2\/pages\/2752"}],"wp:featuredmedia":[{"embeddable":true,"href":"http:\/\/e-geo.de\/index.php?rest_route=\/wp\/v2\/media\/811"}],"wp:attachment":[{"href":"http:\/\/e-geo.de\/index.php?rest_route=%2Fwp%2Fv2%2Fmedia&parent=772"}],"curies":[{"name":"wp","href":"https:\/\/api.w.org\/{rel}","templated":true}]}}